{"id":31,"date":"2024-01-25T21:06:36","date_gmt":"2024-01-25T20:06:36","guid":{"rendered":"https:\/\/eleonorecolpinlafuma.fr\/?page_id=31"},"modified":"2024-07-10T16:51:02","modified_gmt":"2024-07-10T14:51:02","slug":"projets","status":"publish","type":"page","link":"https:\/\/eleonorecolpinlafuma.fr\/index.php\/projets\/","title":{"rendered":"Projets"},"content":{"rendered":"\n<div class=\"wp-block-group alignfull has-global-padding is-layout-constrained wp-container-core-group-is-layout-d89aad35 wp-block-group-is-layout-constrained\" style=\"margin-top:0;margin-bottom:0;padding-top:var(--wp--preset--spacing--50);padding-right:var(--wp--preset--spacing--50);padding-bottom:var(--wp--preset--spacing--50);padding-left:var(--wp--preset--spacing--50)\">\n<div class=\"wp-block-group alignwide has-global-padding is-layout-constrained wp-container-core-group-is-layout-19e250f3 wp-block-group-is-layout-constrained\">\n<div class=\"wp-block-group is-vertical is-content-justification-center is-layout-flex wp-container-core-group-is-layout-6329a8f3 wp-block-group-is-layout-flex\">\n<h2 class=\"wp-block-heading has-text-align-center is-style-asterisk\">Projets<\/h2>\n\n\n\n<p class=\"has-text-align-center\"><\/p>\n<\/div>\n\n\n\n<div class=\"wp-block-columns alignwide is-layout-flex wp-container-core-columns-is-layout-d1c656ed wp-block-columns-is-layout-flex\">\n<div class=\"wp-block-column is-vertically-aligned-center is-layout-flow wp-block-column-is-layout-flow\" style=\"flex-basis:40%\">\n<h3 class=\"wp-block-heading is-style-asterisk\">\u00c9dition<\/h3>\n\n\n\n<ul style=\"line-height:1.75\" class=\"is-style-checkmark-list wp-block-list\">\n<li>Maquette et \u00e9dition de revues, livres et catalogues d&rsquo;artistes<\/li>\n\n\n\n<li>Un suivi \u00e9ditorial complet, de la r\u00e9daction \u00e0 la maquette<\/li>\n\n\n\n<li>Ils m&rsquo;ont fait confiance : <a href=\"https:\/\/larlesienne.info\/\">L&rsquo;Arl\u00e9sienne<\/a>, le Collectif Solide, 21.12, <a href=\"https:\/\/francoiselivinec.com\/fr\/editions\/editionsstore\/0\/coming-soon-store\">\u00c9ditions Fran\u00e7oise Livinec<\/a>, <a href=\"https:\/\/editionsdesequateurs.fr\/\">\u00c9ditions des \u00c9quateurs<\/a>&#8230;<\/li>\n<\/ul>\n<\/div>\n\n\n\n<div class=\"wp-block-column is-layout-flow wp-block-column-is-layout-flow\" style=\"flex-basis:50%\">\n<div id=\"wp-block-themeisle-blocks-slider-7c94c530\" class=\"wp-block-themeisle-blocks-slider glide\" data-per-view=\"1\" data-gap=\"0\" data-peek=\"0\" data-autoplay=\"true\" data-height=\"400px\" data-hide-arrows=\"false\"><div class=\"glide__track\" data-glide-el=\"track\"><div class=\"glide__slides\"><div class=\"wp-block-themeisle-blocks-slider-item-wrapper glide__slide\" tabindex=\"0\"><figure><img decoding=\"async\" class=\"wp-block-themeisle-blocks-slider-item\" src=\"http:\/\/eleonorecolpinlafuma.fr\/wp-content\/uploads\/2024\/04\/mock-up-arlesienne-17.png\" alt=\"\" title=\"\" data-id=\"184\"\/><\/figure><\/div><div class=\"wp-block-themeisle-blocks-slider-item-wrapper glide__slide\" tabindex=\"0\"><figure><img decoding=\"async\" class=\"wp-block-themeisle-blocks-slider-item\" src=\"http:\/\/eleonorecolpinlafuma.fr\/wp-content\/uploads\/2024\/04\/nouvelles-du-trebon-mockup.png\" alt=\"\" title=\"\" data-id=\"180\"\/><\/figure><\/div><div class=\"wp-block-themeisle-blocks-slider-item-wrapper glide__slide\" tabindex=\"0\"><figure><img decoding=\"async\" class=\"wp-block-themeisle-blocks-slider-item\" src=\"http:\/\/eleonorecolpinlafuma.fr\/wp-content\/uploads\/2024\/03\/Mockup-num18-arlesienne.png\" alt=\"\" title=\"\" data-id=\"174\"\/><\/figure><\/div><\/div><div class=\"glide__bullets\" data-glide-el=\"controls[nav]\"><button class=\"glide__bullet\" data-glide-dir=\"=0\"><\/button><button class=\"glide__bullet\" data-glide-dir=\"=1\"><\/button><button class=\"glide__bullet\" data-glide-dir=\"=2\"><\/button><\/div><\/div><\/div>\n<\/div>\n<\/div>\n\n\n\n<div class=\"wp-block-columns alignwide is-layout-flex wp-container-core-columns-is-layout-d1c656ed wp-block-columns-is-layout-flex\">\n<div class=\"wp-block-column is-layout-flow wp-block-column-is-layout-flow\" style=\"flex-basis:50%\">\n<div id=\"wp-block-themeisle-blocks-slider-7d9a920a\" class=\"wp-block-themeisle-blocks-slider glide is-style-rounded\" data-per-view=\"1\" data-gap=\"0\" data-peek=\"0\" data-autoplay=\"true\" data-height=\"400px\" data-hide-arrows=\"false\"><div class=\"glide__track\" data-glide-el=\"track\"><div class=\"glide__slides\"><div class=\"wp-block-themeisle-blocks-slider-item-wrapper glide__slide\" tabindex=\"0\"><figure><img decoding=\"async\" class=\"wp-block-themeisle-blocks-slider-item\" src=\"http:\/\/eleonorecolpinlafuma.fr\/wp-content\/uploads\/2024\/04\/230208-LUMA-PETITSARCHITECTES-ADRIANDEWEERDT-19.jpg\" alt=\"\" title=\"\" data-id=\"190\"\/><\/figure><\/div><div class=\"wp-block-themeisle-blocks-slider-item-wrapper glide__slide\" tabindex=\"0\"><figure><img decoding=\"async\" class=\"wp-block-themeisle-blocks-slider-item\" src=\"http:\/\/eleonorecolpinlafuma.fr\/wp-content\/uploads\/2024\/04\/230208-LUMA-PETITSARCHITECTES-ADRIANDEWEERDT-17.jpg\" alt=\"\" title=\"\" data-id=\"189\"\/><\/figure><\/div><div class=\"wp-block-themeisle-blocks-slider-item-wrapper glide__slide\" tabindex=\"0\"><figure><img decoding=\"async\" class=\"wp-block-themeisle-blocks-slider-item\" src=\"http:\/\/eleonorecolpinlafuma.fr\/wp-content\/uploads\/2024\/03\/Mas-clairanne-mockup-total.png\" alt=\"\" title=\"\" data-id=\"175\"\/><\/figure><\/div><div class=\"wp-block-themeisle-blocks-slider-item-wrapper glide__slide\" tabindex=\"0\"><figure><img decoding=\"async\" class=\"wp-block-themeisle-blocks-slider-item\" src=\"http:\/\/eleonorecolpinlafuma.fr\/wp-content\/uploads\/2024\/04\/plan-impact-jeunes.png\" alt=\"\" title=\"\" data-id=\"191\"\/><\/figure><\/div><\/div><div class=\"glide__bullets\" data-glide-el=\"controls[nav]\"><button class=\"glide__bullet\" data-glide-dir=\"=0\"><\/button><button class=\"glide__bullet\" data-glide-dir=\"=1\"><\/button><button class=\"glide__bullet\" data-glide-dir=\"=2\"><\/button><button class=\"glide__bullet\" data-glide-dir=\"=3\"><\/button><\/div><\/div><\/div>\n<\/div>\n\n\n\n<div class=\"wp-block-column is-vertically-aligned-center is-layout-flow wp-block-column-is-layout-flow\" style=\"flex-basis:40%\">\n<h3 class=\"wp-block-heading is-style-asterisk\">Projets p\u00e9dagogiques<\/h3>\n\n\n\n<ul style=\"line-height:1.75\" class=\"is-style-checkmark-list wp-block-list\">\n<li>Conception et illustration de projets vivants et ludiques<\/li>\n\n\n\n<li>Transmettre et valoriser des projets \u00e0 travers des ateliers p\u00e9dagogiques<\/li>\n\n\n\n<li>Ils m&rsquo;ont fait confiance : <a href=\"https:\/\/tickets.luma.org\/fr\/1435-mediation-culturelle\/8423-les-petits-explorateurs-de-la-tour\/info\">LUMA Arles<\/a>, <a href=\"https:\/\/www.impact-jeunes.org\/\">Impact Jeunes<\/a>, le Mas Clairanne, Collectif Solide&#8230;<\/li>\n<\/ul>\n<\/div>\n<\/div>\n<\/div>\n\n\n\n<div class=\"wp-block-columns alignwide is-layout-flex wp-container-core-columns-is-layout-d1c656ed wp-block-columns-is-layout-flex\">\n<div class=\"wp-block-column is-vertically-aligned-center is-layout-flow wp-block-column-is-layout-flow\" style=\"flex-basis:40%\">\n<h3 class=\"wp-block-heading is-style-asterisk\">Communication et graphisme<\/h3>\n\n\n\n<ul style=\"line-height:1.75\" class=\"is-style-checkmark-list wp-block-list\">\n<li>Des identit\u00e9s visuelles percutantes<\/li>\n\n\n\n<li>Un coup de pouce pour votre communication<\/li>\n\n\n\n<li>Ils m&rsquo;ont fait confiance : 21.12, <a href=\"https:\/\/larlesienne.info\/\">l&rsquo;Arl\u00e9sienne<\/a>, Keys4Sea, Ohzho&#8230;<\/li>\n<\/ul>\n<\/div>\n\n\n\n<div class=\"wp-block-column is-layout-flow wp-block-column-is-layout-flow\" style=\"flex-basis:50%\">\n<div id=\"wp-block-themeisle-blocks-slider-83324329\" class=\"wp-block-themeisle-blocks-slider glide is-style-rounded\" data-per-view=\"1\" data-gap=\"0\" data-peek=\"0\" data-autoplay=\"true\" data-height=\"400px\" data-hide-arrows=\"false\"><div class=\"glide__track\" data-glide-el=\"track\"><div class=\"glide__slides\"><div class=\"wp-block-themeisle-blocks-slider-item-wrapper glide__slide\" tabindex=\"0\"><figure><img decoding=\"async\" class=\"wp-block-themeisle-blocks-slider-item\" src=\"http:\/\/eleonorecolpinlafuma.fr\/wp-content\/uploads\/2024\/03\/Logo-2112.png\" alt=\"\" title=\"\" data-id=\"176\"\/><\/figure><\/div><div class=\"wp-block-themeisle-blocks-slider-item-wrapper glide__slide\" tabindex=\"0\"><figure><img decoding=\"async\" class=\"wp-block-themeisle-blocks-slider-item\" src=\"http:\/\/eleonorecolpinlafuma.fr\/wp-content\/uploads\/2024\/04\/Papeterie-K4S.png\" alt=\"\" title=\"\" data-id=\"192\"\/><\/figure><\/div><div class=\"wp-block-themeisle-blocks-slider-item-wrapper glide__slide\" tabindex=\"0\"><figure><img decoding=\"async\" class=\"wp-block-themeisle-blocks-slider-item\" src=\"http:\/\/eleonorecolpinlafuma.fr\/wp-content\/uploads\/2024\/04\/bonne-annee-2024.jpg\" alt=\"\" title=\"\" data-id=\"193\"\/><\/figure><\/div><\/div><div class=\"glide__bullets\" data-glide-el=\"controls[nav]\"><button class=\"glide__bullet\" data-glide-dir=\"=0\"><\/button><button class=\"glide__bullet\" data-glide-dir=\"=1\"><\/button><button class=\"glide__bullet\" data-glide-dir=\"=2\"><\/button><\/div><\/div><\/div>\n<\/div>\n<\/div>\n\n\n\n<div style=\"height:93px\" aria-hidden=\"true\" class=\"wp-block-spacer\"><\/div>\n\n\n\n<div class=\"wp-block-buttons is-content-justification-center is-layout-flex wp-container-core-buttons-is-layout-a89b3969 wp-block-buttons-is-layout-flex\">\n<div class=\"wp-block-button\"><a class=\"wp-block-button__link wp-element-button\">portfolio<\/a><\/div>\n<\/div>\n<\/div>\n","protected":false},"excerpt":{"rendered":"<p>Projets \u00c9dition Projets p\u00e9dagogiques Communication et graphisme<\/p>\n","protected":false},"author":1,"featured_media":0,"parent":0,"menu_order":0,"comment_status":"closed","ping_status":"closed","template":"","meta":{"_themeisle_gutenberg_block_has_review":false,"footnotes":""},"class_list":["post-31","page","type-page","status-publish","hentry"],"_links":{"self":[{"href":"https:\/\/eleonorecolpinlafuma.fr\/index.php\/wp-json\/wp\/v2\/pages\/31","targetHints":{"allow":["GET"]}}],"collection":[{"href":"https:\/\/eleonorecolpinlafuma.fr\/index.php\/wp-json\/wp\/v2\/pages"}],"about":[{"href":"https:\/\/eleonorecolpinlafuma.fr\/index.php\/wp-json\/wp\/v2\/types\/page"}],"author":[{"embeddable":true,"href":"https:\/\/eleonorecolpinlafuma.fr\/index.php\/wp-json\/wp\/v2\/users\/1"}],"replies":[{"embeddable":true,"href":"https:\/\/eleonorecolpinlafuma.fr\/index.php\/wp-json\/wp\/v2\/comments?post=31"}],"version-history":[{"count":19,"href":"https:\/\/eleonorecolpinlafuma.fr\/index.php\/wp-json\/wp\/v2\/pages\/31\/revisions"}],"predecessor-version":[{"id":220,"href":"https:\/\/eleonorecolpinlafuma.fr\/index.php\/wp-json\/wp\/v2\/pages\/31\/revisions\/220"}],"wp:attachment":[{"href":"https:\/\/eleonorecolpinlafuma.fr\/index.php\/wp-json\/wp\/v2\/media?parent=31"}],"curies":[{"name":"wp","href":"https:\/\/api.w.org\/{rel}","templated":true}]}}