{"id":37,"date":"2024-01-25T21:24:49","date_gmt":"2024-01-25T20:24:49","guid":{"rendered":"https:\/\/eleonorecolpinlafuma.fr\/?page_id=37"},"modified":"2024-01-29T17:32:11","modified_gmt":"2024-01-29T16:32:11","slug":"ateliers","status":"publish","type":"page","link":"https:\/\/eleonorecolpinlafuma.fr\/index.php\/ateliers\/","title":{"rendered":"Ateliers"},"content":{"rendered":"\n<div class=\"wp-block-group alignfull has-global-padding is-layout-constrained wp-container-core-group-is-layout-d89aad35 wp-block-group-is-layout-constrained\" style=\"margin-top:0;margin-bottom:0;padding-top:var(--wp--preset--spacing--50);padding-right:var(--wp--preset--spacing--50);padding-bottom:var(--wp--preset--spacing--50);padding-left:var(--wp--preset--spacing--50)\">\n<div class=\"wp-block-group alignwide has-global-padding is-layout-constrained wp-container-core-group-is-layout-19e250f3 wp-block-group-is-layout-constrained\">\n<div class=\"wp-block-group is-vertical is-content-justification-center is-layout-flex wp-container-core-group-is-layout-6329a8f3 wp-block-group-is-layout-flex\">\n<h1 class=\"wp-block-heading has-text-align-center is-style-asterisk\">Ateliers cr\u00e9atifs<\/h1>\n\n\n\n<h6 class=\"wp-block-heading has-text-align-center\">Des ateliers sur mesure adapt\u00e9s aux enfants comme aux adultes, pour lib\u00e9rer sa cr\u00e9ativit\u00e9 et f\u00e9d\u00e9rer un groupe sur un projet commun. <\/h6>\n<\/div>\n\n\n\n<div style=\"height:var(--wp--preset--spacing--40)\" aria-hidden=\"true\" class=\"wp-block-spacer\"><\/div>\n\n\n\n<div class=\"wp-block-columns alignwide is-layout-flex wp-container-core-columns-is-layout-d1c656ed wp-block-columns-is-layout-flex\">\n<div class=\"wp-block-column is-vertically-aligned-center is-layout-flow wp-block-column-is-layout-flow\" style=\"flex-basis:40%\">\n<h3 class=\"wp-block-heading is-style-asterisk\">Ateliers cr\u00e9atifs<\/h3>\n\n\n\n<ul style=\"line-height:1.75\" class=\"is-style-checkmark-list wp-block-list\">\n<li>Cr\u00e9er des \u0153uvres collectives <\/li>\n\n\n\n<li>Explorer sa propre cr\u00e9ativit\u00e9 autour d&rsquo;ateliers de lib\u00e9ration cr\u00e9ative<\/li>\n\n\n\n<li>Approfondir un th\u00e8me, des m\u00e9moires ou un r\u00e9cit gr\u00e2ce \u00e0 sa mise en images<\/li>\n<\/ul>\n<\/div>\n\n\n\n<div class=\"wp-block-column is-layout-flow wp-block-column-is-layout-flow\" style=\"flex-basis:50%\">\n<figure class=\"wp-block-image size-large is-style-rounded wp-duotone-rgb00255-ffffff-2 is-style-rounded--1\"><img loading=\"lazy\" decoding=\"async\" width=\"1280\" height=\"720\" src=\"https:\/\/eleonorecolpinlafuma.fr\/wp-content\/uploads\/2024\/01\/2023-06-19-11.07.42-edited.jpg\" alt=\"\" class=\"wp-image-146\" srcset=\"https:\/\/eleonorecolpinlafuma.fr\/wp-content\/uploads\/2024\/01\/2023-06-19-11.07.42-edited.jpg 1280w, https:\/\/eleonorecolpinlafuma.fr\/wp-content\/uploads\/2024\/01\/2023-06-19-11.07.42-edited-300x169.jpg 300w, https:\/\/eleonorecolpinlafuma.fr\/wp-content\/uploads\/2024\/01\/2023-06-19-11.07.42-edited-1024x576.jpg 1024w, https:\/\/eleonorecolpinlafuma.fr\/wp-content\/uploads\/2024\/01\/2023-06-19-11.07.42-edited-768x432.jpg 768w\" sizes=\"auto, (max-width: 1280px) 100vw, 1280px\" \/><\/figure>\n<\/div>\n<\/div>\n\n\n\n<div style=\"height:var(--wp--preset--spacing--40)\" aria-hidden=\"true\" class=\"wp-block-spacer\"><\/div>\n\n\n\n<div class=\"wp-block-columns alignwide is-layout-flex wp-container-core-columns-is-layout-d1c656ed wp-block-columns-is-layout-flex\">\n<div class=\"wp-block-column is-layout-flow wp-block-column-is-layout-flow\" style=\"flex-basis:50%\">\n<figure class=\"wp-block-image size-large is-style-rounded wp-duotone-rgb00255-ffffff-4 is-style-rounded--3\"><img loading=\"lazy\" decoding=\"async\" width=\"2560\" height=\"1440\" src=\"https:\/\/eleonorecolpinlafuma.fr\/wp-content\/uploads\/2024\/01\/IMG_4647-edited-scaled.jpeg\" alt=\"\" class=\"wp-image-148\" srcset=\"https:\/\/eleonorecolpinlafuma.fr\/wp-content\/uploads\/2024\/01\/IMG_4647-edited-scaled.jpeg 2560w, https:\/\/eleonorecolpinlafuma.fr\/wp-content\/uploads\/2024\/01\/IMG_4647-edited-300x169.jpeg 300w, https:\/\/eleonorecolpinlafuma.fr\/wp-content\/uploads\/2024\/01\/IMG_4647-edited-1024x576.jpeg 1024w, https:\/\/eleonorecolpinlafuma.fr\/wp-content\/uploads\/2024\/01\/IMG_4647-edited-768x432.jpeg 768w, https:\/\/eleonorecolpinlafuma.fr\/wp-content\/uploads\/2024\/01\/IMG_4647-edited-1536x864.jpeg 1536w, https:\/\/eleonorecolpinlafuma.fr\/wp-content\/uploads\/2024\/01\/IMG_4647-edited-2048x1152.jpeg 2048w\" sizes=\"auto, (max-width: 2560px) 100vw, 2560px\" \/><\/figure>\n<\/div>\n\n\n\n<div class=\"wp-block-column is-vertically-aligned-center is-layout-flow wp-block-column-is-layout-flow\" style=\"flex-basis:40%\">\n<h3 class=\"wp-block-heading is-style-asterisk\">Ateliers d&rsquo;\u00e9criture<\/h3>\n\n\n\n<ul style=\"line-height:1.75\" class=\"is-style-checkmark-list wp-block-list\">\n<li>Exercices d&rsquo;\u00e9criture pour prendre confiance<\/li>\n\n\n\n<li>Se poser des questions diff\u00e9remment, se recentrer<\/li>\n\n\n\n<li>\u00c9laborer un projet d&rsquo;\u00e9criture autour d&rsquo;un th\u00e8me, explorer la cr\u00e9ation collective<\/li>\n<\/ul>\n<\/div>\n<\/div>\n<\/div>\n\n\n\n<div class=\"wp-block-columns alignwide is-layout-flex wp-container-core-columns-is-layout-d1c656ed wp-block-columns-is-layout-flex\">\n<div class=\"wp-block-column is-vertically-aligned-center is-layout-flow wp-block-column-is-layout-flow\" style=\"flex-basis:40%\">\n<h3 class=\"wp-block-heading is-style-asterisk\">Ateliers d&rsquo;impression textiles<\/h3>\n\n\n\n<ul style=\"line-height:1.75\" class=\"is-style-checkmark-list wp-block-list\">\n<li>Sur mesure <\/li>\n\n\n\n<li>Imprimez vos t-shirts, sac, bob, trousses, avec des tampons que j&rsquo;aurais grav\u00e9 sp\u00e9cialement pour l&rsquo;\u00e9v\u00e8nement<\/li>\n\n\n\n<li>Cr\u00e9atif et collaboratif : je cr\u00e9\u00e9 les tampons et vous imprimez !<\/li>\n<\/ul>\n<\/div>\n\n\n\n<div class=\"wp-block-column is-layout-flow wp-block-column-is-layout-flow\" style=\"flex-basis:50%\">\n<figure class=\"wp-block-image size-large is-style-rounded wp-duotone-rgb00255-rgb255255255-6 is-style-rounded--5\"><img loading=\"lazy\" decoding=\"async\" width=\"2560\" height=\"1440\" src=\"https:\/\/eleonorecolpinlafuma.fr\/wp-content\/uploads\/2024\/01\/IMG_2946-edited-scaled.jpeg\" alt=\"\" class=\"wp-image-144\" srcset=\"https:\/\/eleonorecolpinlafuma.fr\/wp-content\/uploads\/2024\/01\/IMG_2946-edited-scaled.jpeg 2560w, https:\/\/eleonorecolpinlafuma.fr\/wp-content\/uploads\/2024\/01\/IMG_2946-edited-300x169.jpeg 300w, https:\/\/eleonorecolpinlafuma.fr\/wp-content\/uploads\/2024\/01\/IMG_2946-edited-1024x576.jpeg 1024w, https:\/\/eleonorecolpinlafuma.fr\/wp-content\/uploads\/2024\/01\/IMG_2946-edited-768x432.jpeg 768w, https:\/\/eleonorecolpinlafuma.fr\/wp-content\/uploads\/2024\/01\/IMG_2946-edited-1536x864.jpeg 1536w, https:\/\/eleonorecolpinlafuma.fr\/wp-content\/uploads\/2024\/01\/IMG_2946-edited-2048x1152.jpeg 2048w\" sizes=\"auto, (max-width: 2560px) 100vw, 2560px\" \/><\/figure>\n<\/div>\n<\/div>\n<\/div>\n","protected":false},"excerpt":{"rendered":"<p>Ateliers cr\u00e9atifs Des ateliers sur mesure adapt\u00e9s aux enfants comme aux adultes, pour lib\u00e9rer sa cr\u00e9ativit\u00e9 et f\u00e9d\u00e9rer un groupe sur un projet commun. Ateliers cr\u00e9atifs Ateliers d&rsquo;\u00e9criture Ateliers d&rsquo;impression textiles<\/p>\n","protected":false},"author":1,"featured_media":0,"parent":0,"menu_order":0,"comment_status":"closed","ping_status":"closed","template":"","meta":{"_themeisle_gutenberg_block_has_review":false,"footnotes":""},"class_list":["post-37","page","type-page","status-publish","hentry"],"_links":{"self":[{"href":"https:\/\/eleonorecolpinlafuma.fr\/index.php\/wp-json\/wp\/v2\/pages\/37","targetHints":{"allow":["GET"]}}],"collection":[{"href":"https:\/\/eleonorecolpinlafuma.fr\/index.php\/wp-json\/wp\/v2\/pages"}],"about":[{"href":"https:\/\/eleonorecolpinlafuma.fr\/index.php\/wp-json\/wp\/v2\/types\/page"}],"author":[{"embeddable":true,"href":"https:\/\/eleonorecolpinlafuma.fr\/index.php\/wp-json\/wp\/v2\/users\/1"}],"replies":[{"embeddable":true,"href":"https:\/\/eleonorecolpinlafuma.fr\/index.php\/wp-json\/wp\/v2\/comments?post=37"}],"version-history":[{"count":6,"href":"https:\/\/eleonorecolpinlafuma.fr\/index.php\/wp-json\/wp\/v2\/pages\/37\/revisions"}],"predecessor-version":[{"id":158,"href":"https:\/\/eleonorecolpinlafuma.fr\/index.php\/wp-json\/wp\/v2\/pages\/37\/revisions\/158"}],"wp:attachment":[{"href":"https:\/\/eleonorecolpinlafuma.fr\/index.php\/wp-json\/wp\/v2\/media?parent=37"}],"curies":[{"name":"wp","href":"https:\/\/api.w.org\/{rel}","templated":true}]}}