{"id":84,"date":"2024-01-28T17:43:50","date_gmt":"2024-01-28T16:43:50","guid":{"rendered":"https:\/\/eleonorecolpinlafuma.fr\/?page_id=84"},"modified":"2025-09-09T15:21:22","modified_gmt":"2025-09-09T13:21:22","slug":"a-propos","status":"publish","type":"page","link":"https:\/\/eleonorecolpinlafuma.fr\/index.php\/a-propos\/","title":{"rendered":"\u00e0 propos"},"content":{"rendered":"\n<div class=\"wp-block-media-text alignwide has-media-on-the-right is-stacked-on-mobile\" style=\"grid-template-columns:auto 36%\"><div class=\"wp-block-media-text__content\">\n<h6 class=\"wp-block-heading\"><span>Anim\u00e9e par une forte sensibilit\u00e9 \u00e0 l\u2019art et \u00e0 la pens\u00e9e \u00e9cologique, j&rsquo;ai suivi un parcours acad\u00e9mique, associatif et professionnel alliant l&rsquo;histoire de l&rsquo;art et le graphisme, la litt\u00e9rature et l&rsquo;\u00e9dition, l&rsquo;organisation d&rsquo;\u00e9v\u00e9nements pluridisciplinaires et la recherche et cr\u00e9ation en \u00e9cof\u00e9minisme et \u00e9copo\u00e9tique.<\/span><\/h6>\n\n\n\n<h6 class=\"wp-block-heading\"><span>J&rsquo;offre un suivi de projet complet gr\u00e2ce \u00e0 ma formation et mes exp\u00e9riences multiples, allant de la conception graphique \u00e0 l&rsquo;illustration et l&rsquo;\u00e9dition. Mes domaines de pr\u00e9dilection sont l&rsquo;art, la litt\u00e9rature et l&rsquo;\u00e9cologie. Outre les projets men\u00e9s pour mes clients, je m&rsquo;investis dans l&rsquo;association que j&rsquo;ai co-cr\u00e9\u00e9e, 21.12, notamment \u00e0 travers des ateliers p\u00e9dagogiques et des micro-publications.<\/span><\/h6>\n<\/div><figure class=\"wp-block-media-text__media\"><img loading=\"lazy\" decoding=\"async\" width=\"1024\" height=\"683\" src=\"https:\/\/eleonorecolpinlafuma.fr\/wp-content\/uploads\/2025\/09\/DSC_0164-1024x683.jpg\" alt=\"\" class=\"wp-image-233 size-full\" srcset=\"https:\/\/eleonorecolpinlafuma.fr\/wp-content\/uploads\/2025\/09\/DSC_0164-1024x683.jpg 1024w, https:\/\/eleonorecolpinlafuma.fr\/wp-content\/uploads\/2025\/09\/DSC_0164-300x200.jpg 300w, https:\/\/eleonorecolpinlafuma.fr\/wp-content\/uploads\/2025\/09\/DSC_0164-768x512.jpg 768w, https:\/\/eleonorecolpinlafuma.fr\/wp-content\/uploads\/2025\/09\/DSC_0164-1536x1024.jpg 1536w, https:\/\/eleonorecolpinlafuma.fr\/wp-content\/uploads\/2025\/09\/DSC_0164-2048x1365.jpg 2048w\" sizes=\"auto, (max-width: 1024px) 100vw, 1024px\" \/><\/figure><\/div>\n\n\n\n<div class=\"wp-block-group alignwide has-base-background-color has-background has-global-padding is-layout-constrained wp-container-core-group-is-layout-d89aad35 wp-block-group-is-layout-constrained\" style=\"margin-top:0;margin-bottom:0;padding-top:var(--wp--preset--spacing--50);padding-right:var(--wp--preset--spacing--50);padding-bottom:var(--wp--preset--spacing--50);padding-left:var(--wp--preset--spacing--50)\">\n<div class=\"wp-block-columns alignwide is-layout-flex wp-container-core-columns-is-layout-549b0c86 wp-block-columns-is-layout-flex\">\n<div class=\"wp-block-column has-global-padding is-content-justification-left is-layout-constrained wp-container-core-column-is-layout-4f15e8fe wp-block-column-is-layout-constrained\" style=\"flex-basis:40%\">\n<h6 class=\"wp-block-heading\"><em>Mon parcours professionnel :<\/em><br><br>Directrice artistique ind\u00e9pendante &#8211; depuis 2022 <br><br>\u00c9ditions des \u00c9quateurs &#8211; Assistante d&rsquo;\u00e9dition 2017 et 2019<br>Correction, lecture de manuscrits, graphisme, service de presse<br><br>Galerie Fran\u00e7oise Livinec &#8211; Assistante galerie et \u00e9dition 2018<br>\u00c9dition de catalogue, communication digitale, graphisme<br><br>L&rsquo;\u00e9cole des filles, festival litt\u00e9raire \u00ab\u00a0l&rsquo;\u00e9t\u00e9 des 13 dimanches\u00a0\u00bb 2018<br>Cr\u00e9ation et \u00e9dition d&rsquo;un podcast, graphisme<br><br>MEAC productions &#8211; Communication 2016<br>R\u00e9aliation de clips vid\u00e9os et supports de communication<br><br>LES MUSEA (21.12) &#8211; Cr\u00e9ation et pr\u00e9sidence de l&rsquo;association 2016<br>Cr\u00e9ation d&rsquo;un festival de jeunes artistes (Juillet &#8211; Aout 2016)<\/h6>\n<\/div>\n\n\n\n<div class=\"wp-block-column is-layout-flow wp-container-core-column-is-layout-119bc444 wp-block-column-is-layout-flow\" style=\"flex-basis:60%\">\n<h4 class=\"wp-block-heading has-x-large-font-size\">Cr\u00e9ative et polyvalente, je m&rsquo;engage dans des projets artistiques et litt\u00e9raires \u00e0 travers mes comp\u00e9tences d&rsquo;\u00e9dition et de graphisme, mais aussi d&rsquo;illustration et d&rsquo;\u00e9criture.<\/h4>\n\n\n\n<div class=\"wp-block-columns is-layout-flex wp-container-core-columns-is-layout-87beb0d0 wp-block-columns-is-layout-flex\">\n<div class=\"wp-block-column is-layout-flow wp-block-column-is-layout-flow\">\n<h6 class=\"wp-block-heading\"><em>Comp\u00e9tences : <\/em><br><br>Illustration &#8211; Dessin digital avec procreate, Illustrator, Fresco, et m\u00e9dium traditionnels.<br><br>Graphisme &#8211; Suite adobe : Photoshop, InDesign, Lightroom, Illustrator.<br><br>Print &#8211; Conception et suivi de projets print jusqu\u2019au B\u00e0T, risographie et \u00e9co-encrage.<br><br>\u00c9dition &#8211; Suivi de projet \u00e9ditoriaux, maquette et conception de livres d\u2019art, fanzine, revues.<\/h6>\n<\/div>\n\n\n\n<div class=\"wp-block-column is-layout-flow wp-block-column-is-layout-flow\">\n<h6 class=\"wp-block-heading\"><em>Mon parcours acad\u00e9mique :<\/em><br><br>Master Lettres, \u00e9copo\u00e9tique et cr\u00e9ation &#8211; Universit\u00e9 Aix-Marseille<br>2022-2023<br><br>Master ArTeC, Parcours nouveaux modes d&rsquo;\u00e9criture et de publication &#8211; Paris 8, Paris 10, UPL<br>2019-2021<br><br>Licence Arts-Plastiques, Paris I<br>2014-2019<br><br>Ecole du Louvre, cycle I, Option sculpture fran\u00e7aise<br>2015-2017<\/h6>\n<\/div>\n<\/div>\n<\/div>\n<\/div>\n<\/div>\n","protected":false},"excerpt":{"rendered":"<p>Anim\u00e9e par une forte sensibilit\u00e9 \u00e0 l\u2019art et \u00e0 la pens\u00e9e \u00e9cologique, j&rsquo;ai suivi un parcours acad\u00e9mique, associatif et professionnel alliant l&rsquo;histoire de l&rsquo;art et le graphisme, la litt\u00e9rature et l&rsquo;\u00e9dition, l&rsquo;organisation d&rsquo;\u00e9v\u00e9nements pluridisciplinaires et la recherche et cr\u00e9ation en \u00e9cof\u00e9minisme et \u00e9copo\u00e9tique. J&rsquo;offre un suivi de projet complet gr\u00e2ce \u00e0 ma formation et mes [&hellip;]<\/p>\n","protected":false},"author":1,"featured_media":0,"parent":0,"menu_order":0,"comment_status":"closed","ping_status":"closed","template":"","meta":{"_themeisle_gutenberg_block_has_review":false,"footnotes":""},"class_list":["post-84","page","type-page","status-publish","hentry"],"_links":{"self":[{"href":"https:\/\/eleonorecolpinlafuma.fr\/index.php\/wp-json\/wp\/v2\/pages\/84","targetHints":{"allow":["GET"]}}],"collection":[{"href":"https:\/\/eleonorecolpinlafuma.fr\/index.php\/wp-json\/wp\/v2\/pages"}],"about":[{"href":"https:\/\/eleonorecolpinlafuma.fr\/index.php\/wp-json\/wp\/v2\/types\/page"}],"author":[{"embeddable":true,"href":"https:\/\/eleonorecolpinlafuma.fr\/index.php\/wp-json\/wp\/v2\/users\/1"}],"replies":[{"embeddable":true,"href":"https:\/\/eleonorecolpinlafuma.fr\/index.php\/wp-json\/wp\/v2\/comments?post=84"}],"version-history":[{"count":15,"href":"https:\/\/eleonorecolpinlafuma.fr\/index.php\/wp-json\/wp\/v2\/pages\/84\/revisions"}],"predecessor-version":[{"id":234,"href":"https:\/\/eleonorecolpinlafuma.fr\/index.php\/wp-json\/wp\/v2\/pages\/84\/revisions\/234"}],"wp:attachment":[{"href":"https:\/\/eleonorecolpinlafuma.fr\/index.php\/wp-json\/wp\/v2\/media?parent=84"}],"curies":[{"name":"wp","href":"https:\/\/api.w.org\/{rel}","templated":true}]}}